{"id":572,"date":"2021-02-02T10:19:43","date_gmt":"2021-02-02T10:19:43","guid":{"rendered":"https:\/\/wieczorek-transport.com\/?page_id=572"},"modified":"2024-01-16T12:55:11","modified_gmt":"2024-01-16T12:55:11","slug":"polityka-prywatnosci","status":"publish","type":"page","link":"https:\/\/droader.com\/fr\/polityka-prywatnosci\/","title":{"rendered":"Politique de confidentialit\u00e9"},"content":{"rendered":"<div data-elementor-type=\"wp-page\" data-elementor-id=\"572\" class=\"elementor elementor-572\" data-elementor-post-type=\"page\">\n\t\t\t\t\t\t<section class=\"elementor-section elementor-top-section elementor-element elementor-element-412d18a elementor-section-boxed elementor-section-height-default elementor-section-height-default\" data-id=\"412d18a\" data-element_type=\"section\" data-e-type=\"section\">\n\t\t\t\t\t\t<div class=\"elementor-container elementor-column-gap-default\">\n\t\t\t\t\t<div class=\"elementor-column elementor-col-100 elementor-top-column elementor-element elementor-element-6ac0179\" data-id=\"6ac0179\" data-element_type=\"column\" data-e-type=\"column\">\n\t\t\t<div class=\"elementor-widget-wrap elementor-element-populated\">\n\t\t\t\t\t\t<div class=\"elementor-element elementor-element-3bb4338 elementor-widget elementor-widget-spacer\" data-id=\"3bb4338\" data-element_type=\"widget\" data-e-type=\"widget\" data-widget_type=\"spacer.default\">\n\t\t\t\t<div class=\"elementor-widget-container\">\n\t\t\t\t\t\t\t<div class=\"elementor-spacer\">\n\t\t\t<div class=\"elementor-spacer-inner\"><\/div>\n\t\t<\/div>\n\t\t\t\t\t\t<\/div>\n\t\t\t\t<\/div>\n\t\t\t\t<div class=\"elementor-element elementor-element-01c7acf elementor-widget elementor-widget-heading\" data-id=\"01c7acf\" data-element_type=\"widget\" data-e-type=\"widget\" data-widget_type=\"heading.default\">\n\t\t\t\t<div class=\"elementor-widget-container\">\n\t\t\t\t\t<h2 class=\"elementor-heading-title elementor-size-default\">Politique de confidentialit\u00e9<\/h2>\t\t\t\t<\/div>\n\t\t\t\t<\/div>\n\t\t\t\t<div class=\"elementor-element elementor-element-4357436 elementor-widget elementor-widget-text-editor\" data-id=\"4357436\" data-element_type=\"widget\" data-e-type=\"widget\" data-widget_type=\"text-editor.default\">\n\t\t\t\t<div class=\"elementor-widget-container\">\n\t\t\t\t\t\t\t\t\t<p>Cher Utilisateur,<\/p><p>e site web traite les donn\u00e9es personnelles de ses visiteurs dans une mesure tr\u00e8s limit\u00e9e. Nous pr\u00e9sentons ci-dessous des informations sur les principes du traitement des donn\u00e9es personnelles :<\/p><p>L'administrateur des donn\u00e9es personnelles trait\u00e9es par ce site web est la soci\u00e9t\u00e9 <span style=\"font-weight: bold;\">DROADER Us\u0142ugi Transportowe Maksymilian Wieczorek <\/span>dont le si\u00e8ge social est situ\u00e9 \u00e0 Zielona G\u00f3ra, ul. Morelowa 59\/14,  n\u00b0 TVA : PL9291794907.<\/p><p><strong>L'\u00e9tendue des donn\u00e9es trait\u00e9es et la base juridique du traitement ainsi que les objectifs du traitement :<\/strong><\/p><p>La forme de base du traitement des donn\u00e9es personnelles par le site web est l'utilisation de cookies. Le site web utilise des cookies dans certaines zones. Les cookies sont de petits fichiers texte envoy\u00e9s \u00e0 l'ordinateur d'un visiteur, l'identifiant d'une mani\u00e8re n\u00e9cessaire pour simplifier et acc\u00e9l\u00e9rer le fonctionnement du site. Certains d'entre eux sont n\u00e9cessaires \u00e0 l'utilisation du site, d'autres sont collect\u00e9s par le site afin de cr\u00e9er des statistiques qui aident \u00e0 comprendre comment les utilisateurs du site utilisent les sites web, ce qui permet d'am\u00e9liorer leur structure et leur contenu et facilite le retour des utilisateurs sur le site dans le cadre des fen\u00eatres de recherche autocompl\u00e8te.<\/p><p>En outre, les utilisateurs ont la possibilit\u00e9 d'envoyer des informations (y compris des donn\u00e9es personnelles) par le biais de formulaires disponibles sur le site web. Les donn\u00e9es sont collect\u00e9es uniquement avec le consentement explicite de l'utilisateur afin de proc\u00e9der au recrutement ou d'\u00e9tablir une coop\u00e9ration (conform\u00e9ment \u00e0 la finalit\u00e9 du formulaire).<\/p><p>Dans chaque cas, la base du traitement des donn\u00e9es dans le domaine des cookies est le consentement que vous donnez en acceptant les param\u00e8tres actuels de votre navigateur web (article 6, paragraphe 1, point a), du r\u00e8glement du Parlement europ\u00e9en et du Conseil (UE) 2016\/679 du 27 avril 2016 relatif \u00e0 la protection des personnes physiques \u00e0 l'\u00e9gard du traitement des donn\u00e9es \u00e0 caract\u00e8re personnel et \u00e0 la libre circulation de ces donn\u00e9es, et abrogeant la directive 95\/46\/CE (RGPD).<\/p><p>\u00a0<\/p><p><strong>Avez-vous l'obligation de fournir des donn\u00e9es :<\/strong><\/p><p>Nie masz takiego obowi\u0105zku. W zakresie plik\u00f3w cookies poziom akceptacji zbierania danych osobowych przez te pliki mo\u017cesz ustawi\u0107 samodzielnie w swojej przegl\u0105darce internetowej. Prawdopodobnie w ustawieniach fabrycznych ma ona zawart\u0105 zgod\u0119 na korzystanie z plik\u00f3w cookies.\u00a0 Brak zgody na pliki cookies co do zasady nie uniemo\u017cliwi korzystania ze strony internetowej, cho\u0107 mo\u017ce ograniczy\u0107 jej funkcjonalno\u015bci dla Ciebie jako U\u017cytkownika.<\/p><p>Le consentement donn\u00e9 pour l'utilisation des cookies peut \u00eatre r\u00e9voqu\u00e9 \u00e0 tout moment en modifiant les param\u00e8tres du navigateur utilis\u00e9 par l'Utilisateur. Toutefois, cela n'affectera pas l'exactitude du traitement effectu\u00e9 avant le retrait de ce consentement.<\/p><p><strong>A qui nous transmettons vos donn\u00e9es :<\/strong><\/p><p>Les donn\u00e9es trait\u00e9es par le site web sont uniquement partag\u00e9es avec les entit\u00e9s fournissant un support informatique au site web et avec l'administrateur du serveur sur lequel le site web est h\u00e9berg\u00e9, dans le seul but de maintenir le site web lui-m\u00eame. Par cons\u00e9quent, dans certains cas, les donn\u00e9es peuvent \u00eatre transf\u00e9r\u00e9es vers des pays tiers - en raison de la localisation des centres informatiques de ces entit\u00e9s dans ces pays - cependant, dans ce cas, le transfert des donn\u00e9es sera effectu\u00e9 dans le respect des mesures garantissant la s\u00e9curit\u00e9 du transfert des donn\u00e9es conform\u00e9ment aux exigences de RGPD - en particulier, mais pas exclusivement, par l'utilisation de clauses contractuelles standard.<\/p><p><strong>Vos droits en tant que personne concern\u00e9e :<\/strong><\/p><p>En tant que personne concern\u00e9e, vous avez les droits suivants : le droit d'acc\u00e9der \u00e0 vos propres donn\u00e9es personnelles, de rectifier, d'effacer ou de limiter le traitement et le droit \u00e0 la portabilit\u00e9 des donn\u00e9es. Vous avez \u00e9galement le droit de vous opposer au traitement de vos donn\u00e9es personnelles si elles sont trait\u00e9es sur la base de l'article 6, paragraphe 1, point f) du RGPD.<\/p><p>En cas de constatation que le traitement des donn\u00e9es personnelles viole la r\u00e9glementation applicable, l'utilisateur a le droit d'introduire une plainte aupr\u00e8s du Pr\u00e9sident du Bureau pour la Protection des Donn\u00e9es Personnelles.<\/p>\t\t\t\t\t\t\t\t<\/div>\n\t\t\t\t<\/div>\n\t\t\t\t\t<\/div>\n\t\t<\/div>\n\t\t\t\t\t<\/div>\n\t\t<\/section>\n\t\t\t\t<\/div>","protected":false},"excerpt":{"rendered":"<p>Polityka prywatno\u015bci Drogi U\u017cytkowniku, Niniejsza strona internetowa w bardzo ograniczonym zakresie przetwarza dane osobowe odwiedzaj\u0105cych j\u0105 os\u00f3b, poni\u017cej przedstawiamy informacj\u0119 dotycz\u0105c\u0105 zasad przetwarzania danych osobowych: Administratorem danych osobowych przetwarzanych przez niniejsz\u0105 stron\u0119 jest przedsi\u0119biorstwo DROADER Us\u0142ugi Transportowe Maksymilian Wieczorek z siedzib\u0105 w Zielonej G\u00f3rze, \u200bul. Morelowa 59\/14, nr NIP PL9291794907. Zakres przetwarzanych danych i podstawa [&hellip;]<\/p>","protected":false},"author":1,"featured_media":4627,"parent":0,"menu_order":0,"comment_status":"closed","ping_status":"closed","template":"elementor_header_footer","meta":{"_monsterinsights_skip_tracking":false,"_monsterinsights_sitenote_active":false,"_monsterinsights_sitenote_note":"","_monsterinsights_sitenote_category":0,"iawp_total_views":186,"footnotes":""},"class_list":["post-572","page","type-page","status-publish","has-post-thumbnail","hentry"],"_links":{"self":[{"href":"https:\/\/droader.com\/fr\/wp-json\/wp\/v2\/pages\/572","targetHints":{"allow":["GET"]}}],"collection":[{"href":"https:\/\/droader.com\/fr\/wp-json\/wp\/v2\/pages"}],"about":[{"href":"https:\/\/droader.com\/fr\/wp-json\/wp\/v2\/types\/page"}],"author":[{"embeddable":true,"href":"https:\/\/droader.com\/fr\/wp-json\/wp\/v2\/users\/1"}],"replies":[{"embeddable":true,"href":"https:\/\/droader.com\/fr\/wp-json\/wp\/v2\/comments?post=572"}],"version-history":[{"count":19,"href":"https:\/\/droader.com\/fr\/wp-json\/wp\/v2\/pages\/572\/revisions"}],"predecessor-version":[{"id":1316,"href":"https:\/\/droader.com\/fr\/wp-json\/wp\/v2\/pages\/572\/revisions\/1316"}],"wp:featuredmedia":[{"embeddable":true,"href":"https:\/\/droader.com\/fr\/wp-json\/wp\/v2\/media\/4627"}],"wp:attachment":[{"href":"https:\/\/droader.com\/fr\/wp-json\/wp\/v2\/media?parent=572"}],"curies":[{"name":"wp","href":"https:\/\/api.w.org\/{rel}","templated":true}]}}