{"id":572,"date":"2021-02-02T10:19:43","date_gmt":"2021-02-02T10:19:43","guid":{"rendered":"https:\/\/wieczorek-transport.com\/?page_id=572"},"modified":"2024-01-16T12:55:11","modified_gmt":"2024-01-16T12:55:11","slug":"polityka-prywatnosci","status":"publish","type":"page","link":"https:\/\/droader.com\/en\/polityka-prywatnosci\/","title":{"rendered":"Privacy Policy"},"content":{"rendered":"<div data-elementor-type=\"wp-page\" data-elementor-id=\"572\" class=\"elementor elementor-572\" data-elementor-post-type=\"page\">\n\t\t\t\t\t\t<section class=\"elementor-section elementor-top-section elementor-element elementor-element-412d18a elementor-section-boxed elementor-section-height-default elementor-section-height-default\" data-id=\"412d18a\" data-element_type=\"section\" data-e-type=\"section\">\n\t\t\t\t\t\t<div class=\"elementor-container elementor-column-gap-default\">\n\t\t\t\t\t<div class=\"elementor-column elementor-col-100 elementor-top-column elementor-element elementor-element-6ac0179\" data-id=\"6ac0179\" data-element_type=\"column\" data-e-type=\"column\">\n\t\t\t<div class=\"elementor-widget-wrap elementor-element-populated\">\n\t\t\t\t\t\t<div class=\"elementor-element elementor-element-3bb4338 elementor-widget elementor-widget-spacer\" data-id=\"3bb4338\" data-element_type=\"widget\" data-e-type=\"widget\" data-widget_type=\"spacer.default\">\n\t\t\t\t<div class=\"elementor-widget-container\">\n\t\t\t\t\t\t\t<div class=\"elementor-spacer\">\n\t\t\t<div class=\"elementor-spacer-inner\"><\/div>\n\t\t<\/div>\n\t\t\t\t\t\t<\/div>\n\t\t\t\t<\/div>\n\t\t\t\t<div class=\"elementor-element elementor-element-01c7acf elementor-widget elementor-widget-heading\" data-id=\"01c7acf\" data-element_type=\"widget\" data-e-type=\"widget\" data-widget_type=\"heading.default\">\n\t\t\t\t<div class=\"elementor-widget-container\">\n\t\t\t\t\t<h2 class=\"elementor-heading-title elementor-size-default\">Privacy Policy<\/h2>\t\t\t\t<\/div>\n\t\t\t\t<\/div>\n\t\t\t\t<div class=\"elementor-element elementor-element-4357436 elementor-widget elementor-widget-text-editor\" data-id=\"4357436\" data-element_type=\"widget\" data-e-type=\"widget\" data-widget_type=\"text-editor.default\">\n\t\t\t\t<div class=\"elementor-widget-container\">\n\t\t\t\t\t\t\t\t\t<p>Dear User,<\/p><p>This webpage processes their visitors\u2019 personal data in a very limited scope , below you will find information concerning personal data processing rules:<\/p><p>Controller of personal data processed by this webpage is the company named <span style=\"font-weight: bold;\">DROADER Us\u0142ugi Transportowe Maksymilian Wieczorek <\/span>seated in Zielona G\u00f3ra, ul. Morelowa 59\/14, Tax id. PL9291794907.<\/p><p><strong>Scope of data processing, its legal basis and reasons for data processing:<\/strong><\/p><p>Basic form of personal data processing is the use of cookies . Our site in some areas uses cookies. Cookies are small text files sent to the visiting computer that identify it in a way needed to simplify and accelerate site operation. Some of them are necessary to be able to use the service, others are collected by the website for statistical purposes which help to understand how service users actually use websites, allowing for improvement of their structure and content and make it easier for users to return to the website by auto filling search windows.<\/p><p>Additionally users are allowed to send information (including personal data) with the use of forms available on the website. The data is collected only with user\u2019s explicit consent for recruitment or cooperation purposes (accordingly to the form purpose).<\/p><p>Whatever is the case, the basis for processing data within cookies is a consent that you give by accepting current setting of your browser [Art. 6 (1)(a) of the Regulation (EU) 2016\/679 of the European Parliament and of the Council of 27 April 2016 on protection of natural persons with regard to the processing personal data and on the free movement of such data, and repealing Directive 95\/46\/EC (GDPR).<\/p><p>\u00a0<\/p><p><strong>Are you required to provide personal data:<\/strong><\/p><p>Nie masz takiego obowi\u0105zku. W zakresie plik\u00f3w cookies poziom akceptacji zbierania danych osobowych przez te pliki mo\u017cesz ustawi\u0107 samodzielnie w swojej przegl\u0105darce internetowej. Prawdopodobnie w ustawieniach fabrycznych ma ona zawart\u0105 zgod\u0119 na korzystanie z plik\u00f3w cookies.\u00a0 Brak zgody na pliki cookies co do zasady nie uniemo\u017cliwi korzystania ze strony internetowej, cho\u0107 mo\u017ce ograniczy\u0107 jej funkcjonalno\u015bci dla Ciebie jako U\u017cytkownika.<\/p><p>Such consent for operating cookies may be withdrawn at any time by changing settings of the browser used by a User. It shall not affect the lawfulness of processing based on consent before withdrawal.<\/p><p><strong>Who is your data revealed to:<\/strong><\/p><p>Data processed by the website is provided only to subjects responsible for technical service of the website and server administrator of the website solely for the purposes related to website maintenance. Therefore in some cases the data might be provided to third countries \u2013 due to the location of their computation centres \u2013 but if that is the case the data transfer shall be performed with all safety measures to respect GDPR requirements, particularly, but not exclusively,  by using standard contractual clauses.<\/p><p><strong>Your rights as data subject:<\/strong><\/p><p>As data subject you have the following User\u2019s entitlements: the right to access your own personal data, the right of rectification, the right of erasure or right to restriction of processing, as well as the right to data portability. The User also has the right to object to personal data processing if the data is processed pursuant to Art. 6 (1) (f) General Data Processing Regulation.<\/p><p>If personal data processing is found to be breaking applicable regulations, the User is allowed to file a complaint to the President of the Personal Data Protection Office.<\/p>\t\t\t\t\t\t\t\t<\/div>\n\t\t\t\t<\/div>\n\t\t\t\t\t<\/div>\n\t\t<\/div>\n\t\t\t\t\t<\/div>\n\t\t<\/section>\n\t\t\t\t<\/div>","protected":false},"excerpt":{"rendered":"<p>Polityka prywatno\u015bci Drogi U\u017cytkowniku, Niniejsza strona internetowa w bardzo ograniczonym zakresie przetwarza dane osobowe odwiedzaj\u0105cych j\u0105 os\u00f3b, poni\u017cej przedstawiamy informacj\u0119 dotycz\u0105c\u0105 zasad przetwarzania danych osobowych: Administratorem danych osobowych przetwarzanych przez niniejsz\u0105 stron\u0119 jest przedsi\u0119biorstwo DROADER Us\u0142ugi Transportowe Maksymilian Wieczorek z siedzib\u0105 w Zielonej G\u00f3rze, \u200bul. Morelowa 59\/14, nr NIP PL9291794907. Zakres przetwarzanych danych i podstawa [&hellip;]<\/p>","protected":false},"author":1,"featured_media":4627,"parent":0,"menu_order":0,"comment_status":"closed","ping_status":"closed","template":"elementor_header_footer","meta":{"_monsterinsights_skip_tracking":false,"_monsterinsights_sitenote_active":false,"_monsterinsights_sitenote_note":"","_monsterinsights_sitenote_category":0,"iawp_total_views":190,"footnotes":""},"class_list":["post-572","page","type-page","status-publish","has-post-thumbnail","hentry"],"_links":{"self":[{"href":"https:\/\/droader.com\/en\/wp-json\/wp\/v2\/pages\/572","targetHints":{"allow":["GET"]}}],"collection":[{"href":"https:\/\/droader.com\/en\/wp-json\/wp\/v2\/pages"}],"about":[{"href":"https:\/\/droader.com\/en\/wp-json\/wp\/v2\/types\/page"}],"author":[{"embeddable":true,"href":"https:\/\/droader.com\/en\/wp-json\/wp\/v2\/users\/1"}],"replies":[{"embeddable":true,"href":"https:\/\/droader.com\/en\/wp-json\/wp\/v2\/comments?post=572"}],"version-history":[{"count":19,"href":"https:\/\/droader.com\/en\/wp-json\/wp\/v2\/pages\/572\/revisions"}],"predecessor-version":[{"id":1316,"href":"https:\/\/droader.com\/en\/wp-json\/wp\/v2\/pages\/572\/revisions\/1316"}],"wp:featuredmedia":[{"embeddable":true,"href":"https:\/\/droader.com\/en\/wp-json\/wp\/v2\/media\/4627"}],"wp:attachment":[{"href":"https:\/\/droader.com\/en\/wp-json\/wp\/v2\/media?parent=572"}],"curies":[{"name":"wp","href":"https:\/\/api.w.org\/{rel}","templated":true}]}}