{"id":572,"date":"2021-02-02T10:19:43","date_gmt":"2021-02-02T10:19:43","guid":{"rendered":"https:\/\/wieczorek-transport.com\/?page_id=572"},"modified":"2024-01-16T12:55:11","modified_gmt":"2024-01-16T12:55:11","slug":"polityka-prywatnosci","status":"publish","type":"page","link":"https:\/\/droader.com\/de\/polityka-prywatnosci\/","title":{"rendered":"Datenschutzbestimmungen"},"content":{"rendered":"<div data-elementor-type=\"wp-page\" data-elementor-id=\"572\" class=\"elementor elementor-572\" data-elementor-post-type=\"page\">\n\t\t\t\t\t\t<section class=\"elementor-section elementor-top-section elementor-element elementor-element-412d18a elementor-section-boxed elementor-section-height-default elementor-section-height-default\" data-id=\"412d18a\" data-element_type=\"section\" data-e-type=\"section\">\n\t\t\t\t\t\t<div class=\"elementor-container elementor-column-gap-default\">\n\t\t\t\t\t<div class=\"elementor-column elementor-col-100 elementor-top-column elementor-element elementor-element-6ac0179\" data-id=\"6ac0179\" data-element_type=\"column\" data-e-type=\"column\">\n\t\t\t<div class=\"elementor-widget-wrap elementor-element-populated\">\n\t\t\t\t\t\t<div class=\"elementor-element elementor-element-3bb4338 elementor-widget elementor-widget-spacer\" data-id=\"3bb4338\" data-element_type=\"widget\" data-e-type=\"widget\" data-widget_type=\"spacer.default\">\n\t\t\t\t<div class=\"elementor-widget-container\">\n\t\t\t\t\t\t\t<div class=\"elementor-spacer\">\n\t\t\t<div class=\"elementor-spacer-inner\"><\/div>\n\t\t<\/div>\n\t\t\t\t\t\t<\/div>\n\t\t\t\t<\/div>\n\t\t\t\t<div class=\"elementor-element elementor-element-01c7acf elementor-widget elementor-widget-heading\" data-id=\"01c7acf\" data-element_type=\"widget\" data-e-type=\"widget\" data-widget_type=\"heading.default\">\n\t\t\t\t<div class=\"elementor-widget-container\">\n\t\t\t\t\t<h2 class=\"elementor-heading-title elementor-size-default\">Datenschutzbestimmungen<\/h2>\t\t\t\t<\/div>\n\t\t\t\t<\/div>\n\t\t\t\t<div class=\"elementor-element elementor-element-4357436 elementor-widget elementor-widget-text-editor\" data-id=\"4357436\" data-element_type=\"widget\" data-e-type=\"widget\" data-widget_type=\"text-editor.default\">\n\t\t\t\t<div class=\"elementor-widget-container\">\n\t\t\t\t\t\t\t\t\t<p>Lieber Anwender,<\/p><p>diese Website verarbeitet in sehr geringem Umfang personenbezogene Daten ihrer Besucher, im Folgenden informieren wir Sie \u00fcber die Grunds\u00e4tze der Verarbeitung personenbezogener Daten:<\/p><p>Der Verwalter der durch diese Website verarbeiteten personenbezogenen Daten ist die Firma <span style=\"font-weight: bold;\">DROADER Us\u0142ugi Transportowe Maksymilian Wieczorek <\/span>mit Sitz in Zielona G\u00f3ra, ul. Morelowa 59\/14, USt-IdNr: PL9291794907.<\/p><p><strong>Der Umfang der verarbeiteten Daten und die Rechtsgrundlage f\u00fcr die Verarbeitung sowie die Zwecke der Verarbeitung:<\/strong><\/p><p>Die Hauptform der Verarbeitung personenbezogener Daten durch die Website erfolgt durch die Verwendung von Cookies. Die Website verwendet in einigen Bereichen Cookies. Cookies sind kleine Textdateien, die an den Computer eines Besuchers gesendet werden und ihn so identifizieren, dass der Betrieb der Website vereinfacht und beschleunigt wird. Einige von ihnen sind f\u00fcr die Nutzung der Website notwendig, andere werden von der Website gesammelt, um Statistiken zu erstellen, die helfen zu verstehen, wie die Nutzer der Website die Websites nutzen, was es erm\u00f6glicht, ihre Struktur und ihren Inhalt zu verbessern und es den Nutzern erleichtert, als Teil von Autovervollst\u00e4ndigungs von Suchfenstern auf die Website zur\u00fcckzukehren.<\/p><p>Zus\u00e4tzlich haben die Nutzer die M\u00f6glichkeit, Informationen (einschlie\u00dflich personenbezogener Daten) \u00fcber die auf der Website verf\u00fcgbaren Formulare zu senden. Die Daten werden nur mit ausdr\u00fccklicher Zustimmung des Nutzers zum Zwecke der Rekrutierung oder des Aufbaus einer Zusammenarbeit (entsprechend dem Zweck des Formulars) erhoben.<\/p><p>Grundlage f\u00fcr die Verarbeitung der Daten im Bereich der Cookies ist jeweils die von Ihnen durch die aktuellen Einstellungen Ihres Webbrowsers erteilte Einwilligung (Artikel 6 Absatz 1 Buchstabe a der Verordnung (EU) 2016\/679 des Europ\u00e4ischen Parlaments und des Rates vom 27. April 2016 zum Schutz nat\u00fcrlicher Personen bei der Verarbeitung personenbezogener Daten, zum freien Datenverkehr und zur Aufhebung der Richtlinie 95\/46\/EG (DSGVO).<\/p><p>\u00a0<\/p><p><strong>Bist du zur Bereitstellung von Daten verpflichtet:<\/strong><\/p><p>Nie masz takiego obowi\u0105zku. W zakresie plik\u00f3w cookies poziom akceptacji zbierania danych osobowych przez te pliki mo\u017cesz ustawi\u0107 samodzielnie w swojej przegl\u0105darce internetowej. Prawdopodobnie w ustawieniach fabrycznych ma ona zawart\u0105 zgod\u0119 na korzystanie z plik\u00f3w cookies.\u00a0 Brak zgody na pliki cookies co do zasady nie uniemo\u017cliwi korzystania ze strony internetowej, cho\u0107 mo\u017ce ograniczy\u0107 jej funkcjonalno\u015bci dla Ciebie jako U\u017cytkownika.<\/p><p>Die Zustimmung zum Betrieb von Cookies kann jederzeit durch \u00c4nderung der Einstellungen des vom Nutzer verwendeten Browsers widerrufen werden. Dies ber\u00fchrt jedoch nicht die Richtigkeit der Verarbeitung, die vor dem Widerruf einer solchen Einwilligung stattgefunden hat.<\/p><p><strong>Wem werden Deine Daten mitgeteilt:<\/strong><\/p><p>Die von der Website verarbeiteten Daten werden nur den Unternehmen, die IT-Dienstleistungen f\u00fcr die Website erbringen, und dem Administrator des Servers, auf dem sich die Website befindet, ausschlie\u00dflich zum Zweck der Wartung der Website selbst zur Verf\u00fcgung gestellt. Daher k\u00f6nnen die Daten in einigen F\u00e4llen in Drittl\u00e4nder \u00fcbertragen werden - aufgrund der Tatsache, dass sich die Rechenzentren dieser Einrichtungen in solchen L\u00e4ndern befinden - in einem solchen Fall erfolgt die Daten\u00fcbertragung jedoch in \u00dcbereinstimmung mit den Ma\u00dfnahmen zur Gew\u00e4hrleistung der Sicherheit der Daten\u00fcbertragung gem\u00e4\u00df den Anforderungen von DSGVO - insbesondere, aber nicht ausschlie\u00dflich, durch die Verwendung von Standardvertragsklauseln.<\/p><p><strong>Deine Rechte als Datensubjekt:<\/strong><\/p><p>Als Datensubjekt hast du folgende Rechte: das Recht auf Zugang zu deinen eigenen personenbezogenen Daten, das Recht auf Berichtigung, L\u00f6schung oder Einschr\u00e4nkung der Verarbeitung dieser Daten und das Recht auf Daten\u00fcbertragbarkeit. Du hast au\u00dferdem das Recht, der Verarbeitung deiner personenbezogenen Daten zu widersprechen, wenn diese auf der Grundlage von Artikel 6 Absatz 1 Buchstabe f der DSGVO verarbeitet werden.<\/p><p>Im Falle der Erkenntnis, dass die Verarbeitung der pers\u00f6nlichen Daten gegen die geltenden Vorschriften verst\u00f6\u00dft, hat der Benutzer das Recht, eine Beschwerde beim Vorsitzenden des Amtes f\u00fcr den Schutz pers\u00f6nlicher Daten einzureichen.<\/p>\t\t\t\t\t\t\t\t<\/div>\n\t\t\t\t<\/div>\n\t\t\t\t\t<\/div>\n\t\t<\/div>\n\t\t\t\t\t<\/div>\n\t\t<\/section>\n\t\t\t\t<\/div>","protected":false},"excerpt":{"rendered":"<p>Polityka prywatno\u015bci Drogi U\u017cytkowniku, Niniejsza strona internetowa w bardzo ograniczonym zakresie przetwarza dane osobowe odwiedzaj\u0105cych j\u0105 os\u00f3b, poni\u017cej przedstawiamy informacj\u0119 dotycz\u0105c\u0105 zasad przetwarzania danych osobowych: Administratorem danych osobowych przetwarzanych przez niniejsz\u0105 stron\u0119 jest przedsi\u0119biorstwo DROADER Us\u0142ugi Transportowe Maksymilian Wieczorek z siedzib\u0105 w Zielonej G\u00f3rze, \u200bul. Morelowa 59\/14, nr NIP PL9291794907. Zakres przetwarzanych danych i podstawa [&hellip;]<\/p>","protected":false},"author":1,"featured_media":4627,"parent":0,"menu_order":0,"comment_status":"closed","ping_status":"closed","template":"elementor_header_footer","meta":{"_monsterinsights_skip_tracking":false,"_monsterinsights_sitenote_active":false,"_monsterinsights_sitenote_note":"","_monsterinsights_sitenote_category":0,"iawp_total_views":186,"footnotes":""},"class_list":["post-572","page","type-page","status-publish","has-post-thumbnail","hentry"],"_links":{"self":[{"href":"https:\/\/droader.com\/de\/wp-json\/wp\/v2\/pages\/572","targetHints":{"allow":["GET"]}}],"collection":[{"href":"https:\/\/droader.com\/de\/wp-json\/wp\/v2\/pages"}],"about":[{"href":"https:\/\/droader.com\/de\/wp-json\/wp\/v2\/types\/page"}],"author":[{"embeddable":true,"href":"https:\/\/droader.com\/de\/wp-json\/wp\/v2\/users\/1"}],"replies":[{"embeddable":true,"href":"https:\/\/droader.com\/de\/wp-json\/wp\/v2\/comments?post=572"}],"version-history":[{"count":19,"href":"https:\/\/droader.com\/de\/wp-json\/wp\/v2\/pages\/572\/revisions"}],"predecessor-version":[{"id":1316,"href":"https:\/\/droader.com\/de\/wp-json\/wp\/v2\/pages\/572\/revisions\/1316"}],"wp:featuredmedia":[{"embeddable":true,"href":"https:\/\/droader.com\/de\/wp-json\/wp\/v2\/media\/4627"}],"wp:attachment":[{"href":"https:\/\/droader.com\/de\/wp-json\/wp\/v2\/media?parent=572"}],"curies":[{"name":"wp","href":"https:\/\/api.w.org\/{rel}","templated":true}]}}