{"id":2549,"date":"2023-04-04T13:04:09","date_gmt":"2023-04-04T13:04:09","guid":{"rendered":"https:\/\/droader.com\/job-openings\/"},"modified":"2024-01-16T12:56:12","modified_gmt":"2024-01-16T12:56:12","slug":"job-openings","status":"publish","type":"page","link":"https:\/\/droader.com\/de\/job-openings\/","title":{"rendered":"Jobs"},"content":{"rendered":"<div class=\"awsm-job-wrap\">\n\n\t\t<div class=\"awsm-filter-wrap\"><form action=\"https:\/\/droader.com\/wp-admin\/admin-ajax.php\" method=\"POST\"><div class=\"awsm-filter-item-search\"><div class=\"awsm-filter-item-search-in\"><label for=\"awsm-jq-1\" class=\"awsm-sr-only\">Wyszukaj<\/label><input type=\"text\" id=\"awsm-jq-1\" name=\"jq\" value=\"\" placeholder=\"Wyszukaj\" class=\"awsm-job-search awsm-job-form-control\"><span class=\"awsm-job-search-btn awsm-job-search-icon-wrapper\"><i class=\"awsm-job-icon-search\"><\/i><\/span><span class=\"awsm-job-search-close-btn awsm-job-search-icon-wrapper awsm-job-hide\"><i class=\"awsm-job-icon-close-circle\"><\/i><\/span><\/div><\/div><a href=\"#\" class=\"awsm-filter-toggle\" role=\"button\" aria-pressed=\"false\"><span class=\"awsm-filter-toggle-text-wrapper awsm-sr-only\">Filter by<\/span><svg width=\"100\" height=\"100\" viewbox=\"0 0 100 100\" xmlns=\"http:\/\/www.w3.org\/2000\/svg\" version=\"1.1\" preserveaspectratio=\"xMinYMin\"><path xmlns=\"http:\/\/www.w3.org\/2000\/svg\" fill=\"rgb(9.803922%,9.803922%,9.803922%)\" d=\"M 36.417969 19.9375 L 36.417969 17.265625 C 36.417969 16.160156 35.523438 15.265625 34.417969 15.265625 L 21.578125 15.265625 C 20.476562 15.265625 19.578125 16.160156 19.578125 17.265625 L 19.578125 19.9375 L 11 19.9375 L 11 26.9375 L 19.578125 26.9375 L 19.578125 30.105469 C 19.578125 31.210938 20.476562 32.105469 21.578125 32.105469 L 34.417969 32.105469 C 35.523438 32.105469 36.417969 31.210938 36.417969 30.105469 L 36.417969 26.9375 L 89 26.9375 L 89 19.9375 Z M 58.421875 43.578125 C 58.421875 42.476562 57.527344 41.578125 56.421875 41.578125 L 43.582031 41.578125 C 42.480469 41.578125 41.582031 42.476562 41.582031 43.578125 L 41.582031 46.5 L 11 46.5 L 11 53.5 L 41.582031 53.5 L 41.582031 56.421875 C 41.582031 57.527344 42.480469 58.421875 43.582031 58.421875 L 56.421875 58.421875 C 57.527344 58.421875 58.421875 57.527344 58.421875 56.421875 L 58.421875 53.5 L 89 53.5 L 89 46.5 L 58.421875 46.5 Z M 80.417969 70.140625 C 80.417969 69.035156 79.523438 68.140625 78.417969 68.140625 L 65.578125 68.140625 C 64.476562 68.140625 63.578125 69.035156 63.578125 70.140625 L 63.578125 73.0625 L 11 73.0625 L 11 80.0625 L 63.578125 80.0625 L 63.578125 82.984375 C 63.578125 84.085938 64.476562 84.984375 65.578125 84.984375 L 78.417969 84.984375 C 79.523438 84.984375 80.417969 84.085938 80.417969 82.984375 L 80.417969 80.0625 L 89 80.0625 L 89 73.0625 L 80.417969 73.0625 Z M 80.417969 70.140625\"\/><\/svg><\/a><div class=\"awsm-filter-items\"><div class=\"awsm-filter-item\" data-filter=\"lokalizacja_spec\"><label for=\"awsm-lokalizacja-filter-option-1\" class=\"awsm-sr-only\"> Lokalizacja<\/label><select name=\"awsm_job_spec[lokalizacja]\" class=\"awsm-filter-option awsm-lokalizacja-filter-option\" id=\"awsm-lokalizacja-filter-option-1\" aria-label=\" Lokalizacja\"><option value=\"\"> Lokalizacja<\/option><option value=\"27\" data-slug=\"zielona-gora\">Zielona G\u00f3ra<\/option><\/select><\/div><div class=\"awsm-filter-item\" data-filter=\"obszar_spec\"><label for=\"awsm-obszar-filter-option-1\" class=\"awsm-sr-only\"> Obszar<\/label><select name=\"awsm_job_spec[obszar]\" class=\"awsm-filter-option awsm-obszar-filter-option\" id=\"awsm-obszar-filter-option-1\" aria-label=\" Obszar\"><option value=\"\"> Obszar<\/option><option value=\"28\" data-slug=\"biuro\">Biuro<\/option><option value=\"29\" data-slug=\"kierowcy\">Fahrer<\/option><\/select><\/div><\/div><input type=\"hidden\" name=\"action\" value=\"jobfilter\"><\/form><\/div>\n\t\t<div class=\"awsm-job-listings awsm-row awsm-grid-col-2\" data-listings=\"9\">\n\t\t\t\t\t<div class=\"awsm-job-listing-item awsm-grid-item\" id=\"awsm-grid-item-4054\">\t\t<a href=\"https:\/\/droader.com\/de\/jobs\/mamy-pelna-obsade\/\" class=\"awsm-job-item\">\t\t\t<div class=\"awsm-grid-left-col\">\n\t\t\t\t\n\t\t\t\t\n\t\t\t\t<h2 class=\"awsm-job-post-title\">\n\t\t\t\t\tMamy pe\u0142n\u0105 obsad\u0119!\t\t\t\t<\/h2>\n\n\t\t\t\t\t\t\t<\/div>\n\n\t\t\t<div class=\"awsm-grid-right-col\">\n\t\t\t\t<div class=\"awsm-job-specification-wrapper\"><div class=\"awsm-job-specification-item awsm-job-specification-obszar\"><i class=\"awsm-job-icon-suitcase\"><\/i><span class=\"awsm-job-specification-term\">Fahrer<\/span> <\/div><\/div><div class=\"awsm-job-more-container\"><span class=\"awsm-job-more\">Szczeg\u00f3\u0142y <span><\/span><\/span><\/div>\t\t\t<\/div>\n\t\t<\/a>\t<\/div><div class=\"awsm-job-listing-item awsm-grid-item\" id=\"awsm-grid-item-3807\">\t\t<a href=\"https:\/\/droader.com\/de\/jobs\/spedytor-miedzynarodowy-2\/\" class=\"awsm-job-item\">\t\t\t<div class=\"awsm-grid-left-col\">\n\t\t\t\t\n\t\t\t\t\n\t\t\t\t<h2 class=\"awsm-job-post-title\">\n\t\t\t\t\tSpedytor mi\u0119dzynarodowy\t\t\t\t<\/h2>\n\n\t\t\t\t\t\t\t<\/div>\n\n\t\t\t<div class=\"awsm-grid-right-col\">\n\t\t\t\t<div class=\"awsm-job-specification-wrapper\"><div class=\"awsm-job-specification-item awsm-job-specification-lokalizacja\"><i class=\"awsm-job-icon-building\"><\/i><span class=\"awsm-job-specification-term\">Zielona G\u00f3ra<\/span> <\/div><div class=\"awsm-job-specification-item awsm-job-specification-obszar\"><i class=\"awsm-job-icon-suitcase\"><\/i><span class=\"awsm-job-specification-term\">Biuro<\/span> <\/div><\/div><div class=\"awsm-job-more-container\"><span class=\"awsm-job-more\">Szczeg\u00f3\u0142y <span><\/span><\/span><\/div>\t\t\t<\/div>\n\t\t<\/a>\t<\/div>\t\t\t\t<\/div>\n\t<\/div>","protected":false},"excerpt":{"rendered":"","protected":false},"author":1,"featured_media":4627,"parent":0,"menu_order":0,"comment_status":"closed","ping_status":"closed","template":"","meta":{"_monsterinsights_skip_tracking":false,"_monsterinsights_sitenote_active":false,"_monsterinsights_sitenote_note":"","_monsterinsights_sitenote_category":0,"iawp_total_views":388,"footnotes":""},"class_list":["post-2549","page","type-page","status-publish","has-post-thumbnail","hentry"],"_links":{"self":[{"href":"https:\/\/droader.com\/de\/wp-json\/wp\/v2\/pages\/2549","targetHints":{"allow":["GET"]}}],"collection":[{"href":"https:\/\/droader.com\/de\/wp-json\/wp\/v2\/pages"}],"about":[{"href":"https:\/\/droader.com\/de\/wp-json\/wp\/v2\/types\/page"}],"author":[{"embeddable":true,"href":"https:\/\/droader.com\/de\/wp-json\/wp\/v2\/users\/1"}],"replies":[{"embeddable":true,"href":"https:\/\/droader.com\/de\/wp-json\/wp\/v2\/comments?post=2549"}],"version-history":[{"count":1,"href":"https:\/\/droader.com\/de\/wp-json\/wp\/v2\/pages\/2549\/revisions"}],"predecessor-version":[{"id":4669,"href":"https:\/\/droader.com\/de\/wp-json\/wp\/v2\/pages\/2549\/revisions\/4669"}],"wp:featuredmedia":[{"embeddable":true,"href":"https:\/\/droader.com\/de\/wp-json\/wp\/v2\/media\/4627"}],"wp:attachment":[{"href":"https:\/\/droader.com\/de\/wp-json\/wp\/v2\/media?parent=2549"}],"curies":[{"name":"wp","href":"https:\/\/api.w.org\/{rel}","templated":true}]}}