{"id":1175,"date":"2021-11-29T12:53:06","date_gmt":"2021-11-29T12:53:06","guid":{"rendered":"https:\/\/wieczorek-transport.com\/?page_id=1175"},"modified":"2024-01-16T12:55:34","modified_gmt":"2024-01-16T12:55:34","slug":"dla-kierowcy-old","status":"publish","type":"page","link":"https:\/\/droader.com\/de\/dla-kierowcy-old\/","title":{"rendered":"Kariera kierowcy"},"content":{"rendered":"<div data-elementor-type=\"wp-page\" data-elementor-id=\"1175\" class=\"elementor elementor-1175\" data-elementor-post-type=\"page\">\n\t\t\t\t\t\t<section class=\"elementor-section elementor-top-section elementor-element elementor-element-4edebc5 elementor-section-boxed elementor-section-height-default elementor-section-height-default\" data-id=\"4edebc5\" data-element_type=\"section\" data-e-type=\"section\">\n\t\t\t\t\t\t<div class=\"elementor-container elementor-column-gap-default\">\n\t\t\t\t\t<div class=\"elementor-column elementor-col-100 elementor-top-column elementor-element elementor-element-bce7c9b\" data-id=\"bce7c9b\" data-element_type=\"column\" data-e-type=\"column\">\n\t\t\t<div class=\"elementor-widget-wrap elementor-element-populated\">\n\t\t\t\t\t\t<div class=\"elementor-element elementor-element-a7d5d63 elementor-widget elementor-widget-heading\" data-id=\"a7d5d63\" data-element_type=\"widget\" data-e-type=\"widget\" data-widget_type=\"heading.default\">\n\t\t\t\t<div class=\"elementor-widget-container\">\n\t\t\t\t\t<h1 class=\"elementor-heading-title elementor-size-default\">Oferta pracy dla kierowc\u00f3w kat. C+E na trasach mi\u0119dzynarodowych<\/h1>\t\t\t\t<\/div>\n\t\t\t\t<\/div>\n\t\t\t\t\t<\/div>\n\t\t<\/div>\n\t\t\t\t\t<\/div>\n\t\t<\/section>\n\t\t\t\t<section class=\"elementor-section elementor-top-section elementor-element elementor-element-b535009 elementor-section-boxed elementor-section-height-default elementor-section-height-default\" data-id=\"b535009\" data-element_type=\"section\" data-e-type=\"section\">\n\t\t\t\t\t\t<div class=\"elementor-container elementor-column-gap-default\">\n\t\t\t\t\t<div class=\"elementor-column elementor-col-100 elementor-top-column elementor-element elementor-element-d7ef4a7\" data-id=\"d7ef4a7\" data-element_type=\"column\" data-e-type=\"column\">\n\t\t\t<div class=\"elementor-widget-wrap elementor-element-populated\">\n\t\t\t\t\t\t<div class=\"elementor-element elementor-element-d4ead60 elementor-widget elementor-widget-text-editor\" data-id=\"d4ead60\" data-element_type=\"widget\" data-e-type=\"widget\" data-widget_type=\"text-editor.default\">\n\t\t\t\t<div class=\"elementor-widget-container\">\n\t\t\t\t\t\t\t\t\t<p>Nasze wymagania:<\/p><ul><li>prawo Jazdy kat. C + E<\/li><li>karta kierowcy<\/li><li>\u015bwiadectwo Pracy<\/li><li>do\u015bwiadczenie minimum rok<\/li><li>ch\u0119\u0107 do pracy, rzetelno\u015b\u0107, sumienno\u015b\u0107<\/li><\/ul><p>Oferujemy:<\/p><ul><li>wsp\u00f3\u0142prac\u0119 na jasno okre\u015blonych warunkach<\/li><li>elastyczna forma zatrudnienia (umowa o prac\u0119, kontrakt, w\u0142asna dzia\u0142alno\u015b\u0107)<\/li><li>szkolenia, pomoc w zdobyciu do\u015bwiadczenia<\/li><li>stabilne zatrudnienie w firmie o mi\u0119dzynarodowym zasi\u0119gu<\/li><li>trasy mi\u0119dzynarodowe na terenie Unii Europejskiej, strefa Schengen<\/li><li>nowoczesna Flota,<\/li><li>do\u015bwiadczon\u0105 kadr\u0119 spedycyjn\u0105<\/li><li>zgrany, wspieraj\u0105cy si\u0119 wzajemnie i dobrze wsp\u00f3\u0142pracuj\u0105cy zesp\u00f3\u0142<\/li><li>atrakcyjne i konkurencyjne zarobki<\/li><\/ul>\t\t\t\t\t\t\t\t<\/div>\n\t\t\t\t<\/div>\n\t\t\t\t<div class=\"elementor-element elementor-element-a8652a6 elementor-widget elementor-widget-heading\" data-id=\"a8652a6\" data-element_type=\"widget\" data-e-type=\"widget\" data-widget_type=\"heading.default\">\n\t\t\t\t<div class=\"elementor-widget-container\">\n\t\t\t\t\t<h2 class=\"elementor-heading-title elementor-size-default\">Kontakt: <br \/><a href=\"tel:0048570273609\">0048 570 273 609<\/a><br \/><\/h2>\t\t\t\t<\/div>\n\t\t\t\t<\/div>\n\t\t\t\t\t<\/div>\n\t\t<\/div>\n\t\t\t\t\t<\/div>\n\t\t<\/section>\n\t\t\t\t<\/div>","protected":false},"excerpt":{"rendered":"<p>Oferta pracy dla kierowc\u00f3w kat. C+E na trasach mi\u0119dzynarodowych Nasze wymagania: prawo Jazdy kat. C + E karta kierowcy \u015bwiadectwo Pracy do\u015bwiadczenie minimum rok ch\u0119\u0107 do pracy, rzetelno\u015b\u0107, sumienno\u015b\u0107 Oferujemy: wsp\u00f3\u0142prac\u0119 na jasno okre\u015blonych warunkach elastyczna forma zatrudnienia (umowa o prac\u0119, kontrakt, w\u0142asna dzia\u0142alno\u015b\u0107) szkolenia, pomoc w zdobyciu do\u015bwiadczenia stabilne zatrudnienie w firmie o mi\u0119dzynarodowym [&hellip;]<\/p>","protected":false},"author":1,"featured_media":4627,"parent":0,"menu_order":0,"comment_status":"closed","ping_status":"closed","template":"elementor_header_footer","meta":{"_monsterinsights_skip_tracking":false,"_monsterinsights_sitenote_active":false,"_monsterinsights_sitenote_note":"","_monsterinsights_sitenote_category":0,"iawp_total_views":420,"footnotes":""},"class_list":["post-1175","page","type-page","status-publish","has-post-thumbnail","hentry"],"_links":{"self":[{"href":"https:\/\/droader.com\/de\/wp-json\/wp\/v2\/pages\/1175","targetHints":{"allow":["GET"]}}],"collection":[{"href":"https:\/\/droader.com\/de\/wp-json\/wp\/v2\/pages"}],"about":[{"href":"https:\/\/droader.com\/de\/wp-json\/wp\/v2\/types\/page"}],"author":[{"embeddable":true,"href":"https:\/\/droader.com\/de\/wp-json\/wp\/v2\/users\/1"}],"replies":[{"embeddable":true,"href":"https:\/\/droader.com\/de\/wp-json\/wp\/v2\/comments?post=1175"}],"version-history":[{"count":45,"href":"https:\/\/droader.com\/de\/wp-json\/wp\/v2\/pages\/1175\/revisions"}],"predecessor-version":[{"id":4417,"href":"https:\/\/droader.com\/de\/wp-json\/wp\/v2\/pages\/1175\/revisions\/4417"}],"wp:featuredmedia":[{"embeddable":true,"href":"https:\/\/droader.com\/de\/wp-json\/wp\/v2\/media\/4627"}],"wp:attachment":[{"href":"https:\/\/droader.com\/de\/wp-json\/wp\/v2\/media?parent=1175"}],"curies":[{"name":"wp","href":"https:\/\/api.w.org\/{rel}","templated":true}]}}